{"id":8270,"date":"2022-09-19T14:06:09","date_gmt":"2022-09-19T14:06:09","guid":{"rendered":"http:\/\/portalisproject.eu\/imeachtai\/"},"modified":"2022-09-29T10:04:49","modified_gmt":"2022-09-29T10:04:49","slug":"imeachtai","status":"publish","type":"page","link":"https:\/\/portalisproject.eu\/ga\/imeachtai\/","title":{"rendered":"Imeachta\u00ed"},"content":{"rendered":"<p><div class=\"fusion-fullwidth fullwidth-box fusion-builder-row-1 fusion-flex-container has-pattern-background has-mask-background nonhundred-percent-fullwidth non-hundred-percent-height-scrolling\" style=\"--awb-border-radius-top-left:0px;--awb-border-radius-top-right:0px;--awb-border-radius-bottom-right:0px;--awb-border-radius-bottom-left:0px;--awb-margin-top:5%;\" ><div class=\"fusion-builder-row fusion-row fusion-flex-align-items-flex-start\" style=\"max-width:1404px;margin-left: calc(-4% \/ 2 );margin-right: calc(-4% \/ 2 );\"><div class=\"fusion-layout-column fusion_builder_column fusion-builder-column-0 fusion_builder_column_1_1 1_1 fusion-flex-column fusion-animated\" style=\"--awb-bg-blend:overlay;--awb-bg-size:cover;--awb-width-large:100%;--awb-margin-top-large:0px;--awb-spacing-right-large:1.92%;--awb-margin-bottom-large:20px;--awb-spacing-left-large:1.92%;--awb-width-medium:100%;--awb-order-medium:0;--awb-spacing-right-medium:1.92%;--awb-spacing-left-medium:1.92%;--awb-width-small:100%;--awb-order-small:0;--awb-spacing-right-small:1.92%;--awb-spacing-left-small:1.92%;\" data-animationType=\"fadeInRight\" data-animationDuration=\"1.0\" data-animationOffset=\"top-into-view\"><div class=\"fusion-column-wrapper fusion-column-has-shadow fusion-flex-justify-content-flex-start fusion-content-layout-column\"><div class=\"fusion-title title fusion-title-1 fusion-sep-none fusion-title-text fusion-title-size-two\" style=\"--awb-text-color:var(--awb-color5);--awb-margin-bottom:1%;--awb-font-size:24px;\"><h2 class=\"title-heading-left fusion-responsive-typography-calculated\" style=\"margin:0;font-size:1em;--fontSize:24;line-height:var(--awb-typography1-line-height);\"><span class=\"TextRun SCXW1488366 BCX0\" lang=\"EN-US\" xml:lang=\"EN-US\" data-contrast=\"auto\"><span class=\"NormalTextRun SCXW1488366 BCX0\">is d\u00e9ana\u00ed<\/span><\/span><\/h2><\/div><div class=\"fusion-title title fusion-title-2 fusion-sep-none fusion-title-text fusion-title-size-three\" style=\"--awb-text-color:#ffffff;--awb-font-size:60px;\"><h3 class=\"title-heading-left fusion-responsive-typography-calculated\" style=\"margin:0;font-size:1em;--fontSize:60;line-height:1.35;\"><span class=\"TextRun SCXW214103567 BCX0\" lang=\"EN-US\" xml:lang=\"EN-US\" data-contrast=\"auto\"><span class=\"NormalTextRun SCXW214103567 BCX0\">Imeachta\u00ed<\/span><\/span><\/h3><\/div><div class=\"fusion-text fusion-text-1\"><p><span class=\"TextRun SCXW112229032 BCX0\" lang=\"EN-US\" xml:lang=\"EN-US\" data-contrast=\"auto\"><span class=\"NormalTextRun SCXW112229032 BCX0\">Faigh<\/span> <span class=\"NormalTextRun SCXW112229032 BCX0\">an t-eolas imeacht is d\u00e9ana\u00ed go l\u00e9ir \u00f3n<\/span> <span class=\"NormalTextRun SpellingErrorV2Themed SCXW112229032 BCX0\">Tairseach<\/span><span class=\"NormalTextRun SCXW112229032 BCX0\"> tionscadal. B\u00ed i dteagmh\u00e1il leis an tionscadal tr\u00ed chl\u00e1r\u00fa th\u00edos d\u00e1r nuachtlitir pobail.<\/span><\/span><\/p>\n<\/div><\/div><\/div><\/div><\/div><div class=\"fusion-fullwidth fullwidth-box fusion-builder-row-2 fusion-flex-container nonhundred-percent-fullwidth non-hundred-percent-height-scrolling\" style=\"--awb-border-radius-top-left:0px;--awb-border-radius-top-right:0px;--awb-border-radius-bottom-right:0px;--awb-border-radius-bottom-left:0px;--awb-margin-bottom:5%;\" ><div class=\"fusion-builder-row fusion-row fusion-flex-align-items-flex-start\" style=\"max-width:1404px;margin-left: calc(-4% \/ 2 );margin-right: calc(-4% \/ 2 );\"><div class=\"fusion-layout-column fusion_builder_column fusion-builder-column-1 fusion_builder_column_1_1 1_1 fusion-flex-column\" style=\"--awb-bg-size:cover;--awb-width-large:100%;--awb-margin-top-large:0px;--awb-spacing-right-large:1.92%;--awb-margin-bottom-large:0px;--awb-spacing-left-large:1.92%;--awb-width-medium:100%;--awb-spacing-right-medium:1.92%;--awb-spacing-left-medium:1.92%;--awb-width-small:100%;--awb-spacing-right-small:1.92%;--awb-spacing-left-small:1.92%;\"><div class=\"fusion-column-wrapper fusion-column-has-shadow fusion-flex-justify-content-flex-start fusion-content-layout-column\"><div class=\"fusion-text fusion-text-2\"><p style=\"text-align: center;\"><div class=\"mec-wrap mec-skin-list-container  mec-dark-mode\" id=\"mec_skin_8439\">\n\n    \n        <div class=\"mec-skin-list-events-container\" id=\"mec_skin_events_8439\">\n        No event found!    <\/div>\n    \n    \n<\/div>\n<\/p>\n<\/div><\/div><\/div><\/div><\/div><div class=\"fusion-fullwidth fullwidth-box fusion-builder-row-3 fusion-flex-container has-pattern-background has-mask-background hundred-percent-fullwidth non-hundred-percent-height-scrolling\" style=\"--awb-background-blend-mode:multiply;--awb-border-radius-top-left:0px;--awb-border-radius-top-right:0px;--awb-border-radius-bottom-right:0px;--awb-border-radius-bottom-left:0px;--awb-padding-right:0px;--awb-padding-left:0px;--awb-margin-bottom:2%;\" ><div class=\"fusion-builder-row fusion-row fusion-flex-align-items-stretch\" style=\"width:104% !important;max-width:104% !important;margin-left: calc(-4% \/ 2 );margin-right: calc(-4% \/ 2 );\"><div class=\"fusion-layout-column fusion_builder_column fusion-builder-column-2 fusion_builder_column_1_4 1_4 fusion-flex-column\" style=\"--awb-bg-size:cover;--awb-width-large:25%;--awb-margin-top-large:0px;--awb-spacing-right-large:7.68%;--awb-margin-bottom-large:20px;--awb-spacing-left-large:7.68%;--awb-width-medium:100%;--awb-order-medium:0;--awb-spacing-right-medium:1.92%;--awb-spacing-left-medium:1.92%;--awb-width-small:100%;--awb-order-small:0;--awb-spacing-right-small:1.92%;--awb-spacing-left-small:1.92%;\"><div class=\"fusion-column-wrapper fusion-column-has-shadow fusion-flex-justify-content-flex-start fusion-content-layout-column\"><\/div><\/div><div class=\"fusion-layout-column fusion_builder_column fusion-builder-column-3 fusion_builder_column_1_2 1_2 fusion-flex-column\" style=\"--awb-padding-top:5%;--awb-padding-bottom:5%;--awb-bg-color:var(--awb-color8);--awb-bg-size:cover;--awb-width-large:50%;--awb-margin-top-large:0px;--awb-spacing-right-large:3.84%;--awb-margin-bottom-large:20px;--awb-spacing-left-large:3.84%;--awb-width-medium:100%;--awb-order-medium:0;--awb-spacing-right-medium:1.92%;--awb-spacing-left-medium:1.92%;--awb-width-small:100%;--awb-order-small:0;--awb-spacing-right-small:1.92%;--awb-spacing-left-small:1.92%;\"><div class=\"fusion-column-wrapper fusion-column-has-shadow fusion-flex-justify-content-flex-start fusion-content-layout-column\"><div class=\"fusion-title title fusion-title-3 fusion-sep-none fusion-title-center fusion-title-text fusion-title-size-two\" style=\"--awb-text-color:var(--awb-color5);--awb-margin-bottom:1%;--awb-font-size:24px;\"><h2 class=\"title-heading-center fusion-responsive-typography-calculated\" style=\"margin:0;font-size:1em;--fontSize:24;line-height:var(--awb-typography1-line-height);\"><p class=\"P68B1DB1-Standard3\">Liost\u00e1il len\u00e1r nuachtlitir<\/p><\/h2><\/div><div class=\"fusion-title title fusion-title-4 fusion-sep-none fusion-title-center fusion-title-text fusion-title-size-three\" style=\"--awb-text-color:#ffffff;--awb-margin-bottom:.7em;--awb-font-size:28px;\"><h3 class=\"title-heading-center fusion-responsive-typography-calculated\" style=\"margin:0;font-size:1em;--fontSize:28;line-height:var(--awb-typography1-line-height);\"><p class=\"P68B1DB1-Standard3\">T\u00e9igh isteach i bhfoireann Portalis chun foghlaim faoin\u00e1r n-oidhreacht chult\u00fartha agus n\u00e1d\u00fartha chomhroinnte agus \u00ed a chosaint tr\u00edn\u00e1r n-imeachta\u00ed agus \u00e1r ngn\u00edomha\u00edochta\u00ed.<\/p><\/h3><\/div><div class=\"fusion-separator fusion-no-large-visibility fusion-full-width-sep\" style=\"align-self: center;margin-left: auto;margin-right: auto;margin-bottom:3%;width:100%;\"><\/div><div style=\"text-align:center;\"><a class=\"fusion-button button-flat fusion-button-default-size button-default fusion-button-default button-1 fusion-button-default-span fusion-button-default-type\" target=\"_self\" href=\"https:\/\/portalisproject.us12.list-manage.com\/subscribe?u=400aac62c6fae7232cf84fd1c&amp;id=9df921189b\"><span class=\"fusion-button-text\">Cuir Isteach<\/span><\/a><\/div><\/div><\/div><\/div><\/div>\n<\/p>\n","protected":false},"excerpt":{"rendered":"","protected":false},"author":5,"featured_media":0,"parent":0,"menu_order":0,"comment_status":"closed","ping_status":"closed","template":"100-width.php","meta":{"footnotes":""},"class_list":["post-8270","page","type-page","status-publish","hentry"],"yoast_head":"<!-- This site is optimized with the Yoast SEO plugin v27.5 - https:\/\/yoast.com\/product\/yoast-seo-wordpress\/ -->\n<title>Imeachta\u00ed - Portalis<\/title>\n<meta name=\"robots\" content=\"index, follow, max-snippet:-1, max-image-preview:large, max-video-preview:-1\" \/>\n<link rel=\"canonical\" href=\"https:\/\/portalisproject.eu\/ga\/imeachtai\/\" \/>\n<meta property=\"og:locale\" content=\"ga_IE\" \/>\n<meta property=\"og:type\" content=\"article\" \/>\n<meta property=\"og:title\" content=\"Imeachta\u00ed - Portalis\" \/>\n<meta property=\"og:url\" content=\"https:\/\/portalisproject.eu\/ga\/imeachtai\/\" \/>\n<meta property=\"og:site_name\" content=\"Portalis\" \/>\n<meta property=\"article:modified_time\" content=\"2022-09-29T10:04:49+00:00\" \/>\n<meta name=\"twitter:card\" content=\"summary_large_image\" \/>\n<meta name=\"twitter:label1\" content=\"Est. reading time\" \/>\n\t<meta name=\"twitter:data1\" content=\"6 minutes\" \/>\n<script type=\"application\/ld+json\" class=\"yoast-schema-graph\">{\"@context\":\"https:\\\/\\\/schema.org\",\"@graph\":[{\"@type\":\"WebPage\",\"@id\":\"https:\\\/\\\/portalisproject.eu\\\/ga\\\/imeachtai\\\/\",\"url\":\"https:\\\/\\\/portalisproject.eu\\\/ga\\\/imeachtai\\\/\",\"name\":\"Imeachta\u00ed - Portalis\",\"isPartOf\":{\"@id\":\"https:\\\/\\\/portalisproject.eu\\\/ga\\\/#website\"},\"datePublished\":\"2022-09-19T14:06:09+00:00\",\"dateModified\":\"2022-09-29T10:04:49+00:00\",\"breadcrumb\":{\"@id\":\"https:\\\/\\\/portalisproject.eu\\\/ga\\\/imeachtai\\\/#breadcrumb\"},\"inLanguage\":\"ga-IE\",\"potentialAction\":[{\"@type\":\"ReadAction\",\"target\":[\"https:\\\/\\\/portalisproject.eu\\\/ga\\\/imeachtai\\\/\"]}]},{\"@type\":\"BreadcrumbList\",\"@id\":\"https:\\\/\\\/portalisproject.eu\\\/ga\\\/imeachtai\\\/#breadcrumb\",\"itemListElement\":[{\"@type\":\"ListItem\",\"position\":1,\"name\":\"Home\",\"item\":\"https:\\\/\\\/portalisproject.eu\\\/ga\\\/\"},{\"@type\":\"ListItem\",\"position\":2,\"name\":\"Imeachta\u00ed\"}]},{\"@type\":\"WebSite\",\"@id\":\"https:\\\/\\\/portalisproject.eu\\\/ga\\\/#website\",\"url\":\"https:\\\/\\\/portalisproject.eu\\\/ga\\\/\",\"name\":\"Portalis\",\"description\":\"Discover the earliest connection between Ireland and Wales\",\"potentialAction\":[{\"@type\":\"SearchAction\",\"target\":{\"@type\":\"EntryPoint\",\"urlTemplate\":\"https:\\\/\\\/portalisproject.eu\\\/ga\\\/?s={search_term_string}\"},\"query-input\":{\"@type\":\"PropertyValueSpecification\",\"valueRequired\":true,\"valueName\":\"search_term_string\"}}],\"inLanguage\":\"ga-IE\"}]}<\/script>\n<!-- \/ Yoast SEO plugin. -->","yoast_head_json":{"title":"Imeachta\u00ed - Portalis","robots":{"index":"index","follow":"follow","max-snippet":"max-snippet:-1","max-image-preview":"max-image-preview:large","max-video-preview":"max-video-preview:-1"},"canonical":"https:\/\/portalisproject.eu\/ga\/imeachtai\/","og_locale":"ga_IE","og_type":"article","og_title":"Imeachta\u00ed - Portalis","og_url":"https:\/\/portalisproject.eu\/ga\/imeachtai\/","og_site_name":"Portalis","article_modified_time":"2022-09-29T10:04:49+00:00","twitter_card":"summary_large_image","twitter_misc":{"Est. reading time":"6 minutes"},"schema":{"@context":"https:\/\/schema.org","@graph":[{"@type":"WebPage","@id":"https:\/\/portalisproject.eu\/ga\/imeachtai\/","url":"https:\/\/portalisproject.eu\/ga\/imeachtai\/","name":"Imeachta\u00ed - Portalis","isPartOf":{"@id":"https:\/\/portalisproject.eu\/ga\/#website"},"datePublished":"2022-09-19T14:06:09+00:00","dateModified":"2022-09-29T10:04:49+00:00","breadcrumb":{"@id":"https:\/\/portalisproject.eu\/ga\/imeachtai\/#breadcrumb"},"inLanguage":"ga-IE","potentialAction":[{"@type":"ReadAction","target":["https:\/\/portalisproject.eu\/ga\/imeachtai\/"]}]},{"@type":"BreadcrumbList","@id":"https:\/\/portalisproject.eu\/ga\/imeachtai\/#breadcrumb","itemListElement":[{"@type":"ListItem","position":1,"name":"Home","item":"https:\/\/portalisproject.eu\/ga\/"},{"@type":"ListItem","position":2,"name":"Imeachta\u00ed"}]},{"@type":"WebSite","@id":"https:\/\/portalisproject.eu\/ga\/#website","url":"https:\/\/portalisproject.eu\/ga\/","name":"Portalis","description":"Discover the earliest connection between Ireland and Wales","potentialAction":[{"@type":"SearchAction","target":{"@type":"EntryPoint","urlTemplate":"https:\/\/portalisproject.eu\/ga\/?s={search_term_string}"},"query-input":{"@type":"PropertyValueSpecification","valueRequired":true,"valueName":"search_term_string"}}],"inLanguage":"ga-IE"}]}},"_links":{"self":[{"href":"https:\/\/portalisproject.eu\/ga\/wp-json\/wp\/v2\/pages\/8270","targetHints":{"allow":["GET"]}}],"collection":[{"href":"https:\/\/portalisproject.eu\/ga\/wp-json\/wp\/v2\/pages"}],"about":[{"href":"https:\/\/portalisproject.eu\/ga\/wp-json\/wp\/v2\/types\/page"}],"author":[{"embeddable":true,"href":"https:\/\/portalisproject.eu\/ga\/wp-json\/wp\/v2\/users\/5"}],"replies":[{"embeddable":true,"href":"https:\/\/portalisproject.eu\/ga\/wp-json\/wp\/v2\/comments?post=8270"}],"version-history":[{"count":33,"href":"https:\/\/portalisproject.eu\/ga\/wp-json\/wp\/v2\/pages\/8270\/revisions"}],"predecessor-version":[{"id":8612,"href":"https:\/\/portalisproject.eu\/ga\/wp-json\/wp\/v2\/pages\/8270\/revisions\/8612"}],"wp:attachment":[{"href":"https:\/\/portalisproject.eu\/ga\/wp-json\/wp\/v2\/media?parent=8270"}],"curies":[{"name":"wp","href":"https:\/\/api.w.org\/{rel}","templated":true}]}}