{"id":5538,"date":"2022-08-18T16:01:55","date_gmt":"2022-08-18T16:01:55","guid":{"rendered":"http:\/\/portalisproject.eu\/amline\/"},"modified":"2022-09-22T11:14:44","modified_gmt":"2022-09-22T11:14:44","slug":"amline","status":"publish","type":"page","link":"https:\/\/portalisproject.eu\/ga\/amline\/","title":{"rendered":"Aml\u00edne"},"content":{"rendered":"<div class=\"fusion-fullwidth fullwidth-box fusion-builder-row-1 fusion-flex-container has-pattern-background has-mask-background nonhundred-percent-fullwidth non-hundred-percent-height-scrolling\" style=\"--awb-border-radius-top-left:0px;--awb-border-radius-top-right:0px;--awb-border-radius-bottom-right:0px;--awb-border-radius-bottom-left:0px;--awb-margin-top:5%;\" ><div class=\"fusion-builder-row fusion-row fusion-flex-align-items-flex-start\" style=\"max-width:1404px;margin-left: calc(-4% \/ 2 );margin-right: calc(-4% \/ 2 );\"><div class=\"fusion-layout-column fusion_builder_column fusion-builder-column-0 fusion_builder_column_1_1 1_1 fusion-flex-column fusion-animated\" style=\"--awb-bg-blend:overlay;--awb-bg-size:cover;--awb-width-large:100%;--awb-margin-top-large:0px;--awb-spacing-right-large:1.92%;--awb-margin-bottom-large:20px;--awb-spacing-left-large:1.92%;--awb-width-medium:100%;--awb-order-medium:0;--awb-spacing-right-medium:1.92%;--awb-spacing-left-medium:1.92%;--awb-width-small:100%;--awb-order-small:0;--awb-spacing-right-small:1.92%;--awb-spacing-left-small:1.92%;\" data-animationType=\"fadeInRight\" data-animationDuration=\"1.0\" data-animationOffset=\"top-into-view\"><div class=\"fusion-column-wrapper fusion-column-has-shadow fusion-flex-justify-content-flex-start fusion-content-layout-column\"><div class=\"fusion-title title fusion-title-1 fusion-sep-none fusion-title-text fusion-title-size-two\" style=\"--awb-text-color:var(--awb-color5);--awb-margin-bottom:1%;--awb-font-size:23px;\"><h2 class=\"title-heading-left fusion-responsive-typography-calculated\" style=\"margin:0;font-size:1em;--fontSize:23;line-height:var(--awb-typography1-line-height);\"><p class=\"P68B1DB1-Standard3\">10,000 bliain l\u00e9arsc\u00e1laithe<\/p><\/h2><\/div><div class=\"fusion-title title fusion-title-2 fusion-sep-none fusion-title-text fusion-title-size-three\" style=\"--awb-text-color:#ffffff;--awb-font-size:60px;\"><h3 class=\"title-heading-left fusion-responsive-typography-calculated\" style=\"margin:0;font-size:1em;--fontSize:60;line-height:1.35;\"><p class=\"P68B1DB1-Standard3\">Clice\u00e1il tr\u00edd an turas chun an nasc is luaithe idir \u00c9ire agus an Bhreatain Bheag a aimsi\u00fa<\/p><\/h3><\/div><div class=\"fusion-text fusion-text-1\"><p class=\"P68B1DB1-Standard48\">L\u00e9arsc\u00e1il\u00edonn Portalis sc\u00e9al an ch\u00e9ad turais idir \u00c9irinn agus an Bhreatain Bheag, ag dul siar chomh fada leis an tr\u00e9imhse Mh\u00e9isiliteach, thart ar 10,000 bliain \u00f3 shin. D\u00e9anann \u00e1r dtionscadal imscr\u00fad\u00fa ar an gcaoi ar oiri\u00fanaigh na ch\u00e9ad lonnaitheoir\u00ed sin iad f\u00e9in d\u00e1 dtimpeallacht chun maireacht\u00e1il agus f\u00e9achann s\u00e9 lena thuiscint an bhfuil aon slite d\u00e1 leith\u00e9id ann inar f\u00e9idir linn oiri\u00fan\u00fa d&#8217;athr\u00fa aer\u00e1ide sa l\u00e1 at\u00e1 inniu ann.<\/p>\n<\/div><\/div><\/div><div class=\"fusion-layout-column fusion_builder_column fusion-builder-column-1 fusion_builder_column_1_1 1_1 fusion-flex-column\" style=\"--awb-bg-size:cover;--awb-width-large:100%;--awb-margin-top-large:0px;--awb-spacing-right-large:1.92%;--awb-margin-bottom-large:20px;--awb-spacing-left-large:1.92%;--awb-width-medium:100%;--awb-order-medium:0;--awb-spacing-right-medium:1.92%;--awb-spacing-left-medium:1.92%;--awb-width-small:100%;--awb-order-small:0;--awb-spacing-right-small:1.92%;--awb-spacing-left-small:1.92%;\"><div class=\"fusion-column-wrapper fusion-column-has-shadow fusion-flex-justify-content-flex-start fusion-content-layout-column\"><div class=\"fusion-text fusion-text-2\"><p><iframe src=\"https:\/\/cdn.knightlab.com\/libs\/timeline3\/latest\/embed\/index.html?source=1bjEk7gQ1s7qRb_z15bBa5R2G3wh5fxafsjSDGxf9MBI&amp;font=Default&amp;lang=en&amp;initial_zoom=2&amp;height=850\" width=\"100%\" height=\"850\" frameborder=\"0\" allowfullscreen=\"allowfullscreen\"><\/iframe><\/p>\n<\/div><\/div><\/div><\/div><\/div>\n","protected":false},"excerpt":{"rendered":"","protected":false},"author":2,"featured_media":0,"parent":0,"menu_order":0,"comment_status":"closed","ping_status":"closed","template":"100-width.php","meta":{"footnotes":""},"class_list":["post-5538","page","type-page","status-publish","hentry"],"yoast_head":"<!-- This site is optimized with the Yoast SEO plugin v27.4 - https:\/\/yoast.com\/product\/yoast-seo-wordpress\/ -->\n<title>Aml\u00edne - Portalis<\/title>\n<meta name=\"robots\" content=\"index, follow, max-snippet:-1, max-image-preview:large, max-video-preview:-1\" \/>\n<link rel=\"canonical\" href=\"https:\/\/portalisproject.eu\/ga\/amline\/\" \/>\n<meta property=\"og:locale\" content=\"ga_IE\" \/>\n<meta property=\"og:type\" content=\"article\" \/>\n<meta property=\"og:title\" content=\"Aml\u00edne - Portalis\" \/>\n<meta property=\"og:url\" content=\"https:\/\/portalisproject.eu\/ga\/amline\/\" \/>\n<meta property=\"og:site_name\" content=\"Portalis\" \/>\n<meta property=\"article:modified_time\" content=\"2022-09-22T11:14:44+00:00\" \/>\n<meta name=\"twitter:card\" content=\"summary_large_image\" \/>\n<meta name=\"twitter:label1\" content=\"Est. reading time\" \/>\n\t<meta name=\"twitter:data1\" content=\"3 minutes\" \/>\n<script type=\"application\/ld+json\" class=\"yoast-schema-graph\">{\"@context\":\"https:\\\/\\\/schema.org\",\"@graph\":[{\"@type\":\"WebPage\",\"@id\":\"https:\\\/\\\/portalisproject.eu\\\/ga\\\/amline\\\/\",\"url\":\"https:\\\/\\\/portalisproject.eu\\\/ga\\\/amline\\\/\",\"name\":\"Aml\u00edne - Portalis\",\"isPartOf\":{\"@id\":\"https:\\\/\\\/portalisproject.eu\\\/ga\\\/#website\"},\"datePublished\":\"2022-08-18T16:01:55+00:00\",\"dateModified\":\"2022-09-22T11:14:44+00:00\",\"breadcrumb\":{\"@id\":\"https:\\\/\\\/portalisproject.eu\\\/ga\\\/amline\\\/#breadcrumb\"},\"inLanguage\":\"ga-IE\",\"potentialAction\":[{\"@type\":\"ReadAction\",\"target\":[\"https:\\\/\\\/portalisproject.eu\\\/ga\\\/amline\\\/\"]}]},{\"@type\":\"BreadcrumbList\",\"@id\":\"https:\\\/\\\/portalisproject.eu\\\/ga\\\/amline\\\/#breadcrumb\",\"itemListElement\":[{\"@type\":\"ListItem\",\"position\":1,\"name\":\"Home\",\"item\":\"https:\\\/\\\/portalisproject.eu\\\/ga\\\/\"},{\"@type\":\"ListItem\",\"position\":2,\"name\":\"Aml\u00edne\"}]},{\"@type\":\"WebSite\",\"@id\":\"https:\\\/\\\/portalisproject.eu\\\/ga\\\/#website\",\"url\":\"https:\\\/\\\/portalisproject.eu\\\/ga\\\/\",\"name\":\"Portalis\",\"description\":\"Discover the earliest connection between Ireland and Wales\",\"potentialAction\":[{\"@type\":\"SearchAction\",\"target\":{\"@type\":\"EntryPoint\",\"urlTemplate\":\"https:\\\/\\\/portalisproject.eu\\\/ga\\\/?s={search_term_string}\"},\"query-input\":{\"@type\":\"PropertyValueSpecification\",\"valueRequired\":true,\"valueName\":\"search_term_string\"}}],\"inLanguage\":\"ga-IE\"}]}<\/script>\n<!-- \/ Yoast SEO plugin. -->","yoast_head_json":{"title":"Aml\u00edne - Portalis","robots":{"index":"index","follow":"follow","max-snippet":"max-snippet:-1","max-image-preview":"max-image-preview:large","max-video-preview":"max-video-preview:-1"},"canonical":"https:\/\/portalisproject.eu\/ga\/amline\/","og_locale":"ga_IE","og_type":"article","og_title":"Aml\u00edne - Portalis","og_url":"https:\/\/portalisproject.eu\/ga\/amline\/","og_site_name":"Portalis","article_modified_time":"2022-09-22T11:14:44+00:00","twitter_card":"summary_large_image","twitter_misc":{"Est. reading time":"3 minutes"},"schema":{"@context":"https:\/\/schema.org","@graph":[{"@type":"WebPage","@id":"https:\/\/portalisproject.eu\/ga\/amline\/","url":"https:\/\/portalisproject.eu\/ga\/amline\/","name":"Aml\u00edne - Portalis","isPartOf":{"@id":"https:\/\/portalisproject.eu\/ga\/#website"},"datePublished":"2022-08-18T16:01:55+00:00","dateModified":"2022-09-22T11:14:44+00:00","breadcrumb":{"@id":"https:\/\/portalisproject.eu\/ga\/amline\/#breadcrumb"},"inLanguage":"ga-IE","potentialAction":[{"@type":"ReadAction","target":["https:\/\/portalisproject.eu\/ga\/amline\/"]}]},{"@type":"BreadcrumbList","@id":"https:\/\/portalisproject.eu\/ga\/amline\/#breadcrumb","itemListElement":[{"@type":"ListItem","position":1,"name":"Home","item":"https:\/\/portalisproject.eu\/ga\/"},{"@type":"ListItem","position":2,"name":"Aml\u00edne"}]},{"@type":"WebSite","@id":"https:\/\/portalisproject.eu\/ga\/#website","url":"https:\/\/portalisproject.eu\/ga\/","name":"Portalis","description":"Discover the earliest connection between Ireland and Wales","potentialAction":[{"@type":"SearchAction","target":{"@type":"EntryPoint","urlTemplate":"https:\/\/portalisproject.eu\/ga\/?s={search_term_string}"},"query-input":{"@type":"PropertyValueSpecification","valueRequired":true,"valueName":"search_term_string"}}],"inLanguage":"ga-IE"}]}},"_links":{"self":[{"href":"https:\/\/portalisproject.eu\/ga\/wp-json\/wp\/v2\/pages\/5538","targetHints":{"allow":["GET"]}}],"collection":[{"href":"https:\/\/portalisproject.eu\/ga\/wp-json\/wp\/v2\/pages"}],"about":[{"href":"https:\/\/portalisproject.eu\/ga\/wp-json\/wp\/v2\/types\/page"}],"author":[{"embeddable":true,"href":"https:\/\/portalisproject.eu\/ga\/wp-json\/wp\/v2\/users\/2"}],"replies":[{"embeddable":true,"href":"https:\/\/portalisproject.eu\/ga\/wp-json\/wp\/v2\/comments?post=5538"}],"version-history":[{"count":26,"href":"https:\/\/portalisproject.eu\/ga\/wp-json\/wp\/v2\/pages\/5538\/revisions"}],"predecessor-version":[{"id":8388,"href":"https:\/\/portalisproject.eu\/ga\/wp-json\/wp\/v2\/pages\/5538\/revisions\/8388"}],"wp:attachment":[{"href":"https:\/\/portalisproject.eu\/ga\/wp-json\/wp\/v2\/media?parent=5538"}],"curies":[{"name":"wp","href":"https:\/\/api.w.org\/{rel}","templated":true}]}}